{"id":78,"date":"2019-02-16T18:41:03","date_gmt":"2019-02-16T17:41:03","guid":{"rendered":"http:\/\/lacoste.link\/?page_id=78"},"modified":"2019-09-29T15:42:04","modified_gmt":"2019-09-29T13:42:04","slug":"ouvrages","status":"publish","type":"page","link":"https:\/\/lacoste.link\/index.php\/ouvrages\/","title":{"rendered":"Ouvrages"},"content":{"rendered":"\n<p>Un recueil, largement compl\u00e9t\u00e9, de mes premiers articles dans Circuit Cellar a  \u00e9t\u00e9 publi\u00e9 en Octobre 2009 par Elsevier\/Newnes :<strong>&nbsp;The Darker Side :&nbsp;Practical Applications for Electronic Design Concepts from Circuit Cellar<\/strong> . <\/p>\n\n\n\n<div class=\"wp-block-image\"><figure class=\"aligncenter\"><img loading=\"lazy\" decoding=\"async\" width=\"198\" height=\"244\" src=\"http:\/\/lacoste.link\/wp-content\/uploads\/2019\/02\/darkerside.jpg\" alt=\"\" class=\"wp-image-79\"\/><\/figure><\/div>\n\n\n\n<p><em>\u00ab I have read and used much of the material in Roberts book. I  recommend it as required reading by all engineers. I have verified the  accuracy and content of the FIR filters and use of Scilab for the  digital modulations. Robert is at the top of World Class Engineers,  especially for those who apply this work into practice every day. Thanks  Robert. \u00bb<br> Michael Stolzle, Amazon feedbacks<\/em><\/p>\n\n\n\n<p><em> \u00ab It\u2019s refreshing when the content of a book doesn\u2019t treat you like a  child. I\u2019m going to be re-reading this book for a long time. This author  definitively knows circuit design. I won\u2019t be skimming through this  one.\u201d<br> Amazon feedbacks <\/em><\/p>\n\n\n\n<p>Disponible aupr\u00e8s d&rsquo;<a href=\"https:\/\/www.elsevier.com\/books\/robert-lacostes-the-darker-side\/lacoste\/978-1-85617-762-7\">Elsevier <\/a>ou d&rsquo;<a href=\"https:\/\/www.amazon.fr\/Robert-Lacostes-Darker-Side-Applications\/dp\/1856177629\/ref=sr_1_8?ie=UTF8&amp;s=english-books&amp;qid=1255965671&amp;sr=8-8\">Amazon<\/a><br><\/p>\n\n\n\n<hr class=\"wp-block-separator\"\/>\n\n\n\n<p>Un ouvrage de r\u00e9f\u00e9rence,  r\u00e9dig\u00e9 en collaboration avec<strong> <\/strong>Michel Robiolle (Captronic) et Xavier Vital (Codde\/Veritas), a \u00e9t\u00e9 publi\u00e9 chez&nbsp;<a href=\"http:\/\/www.dunod.com\/sciences-techniques\/sciences-techniques-industrielles\/electronique\/ouvrages-professionnels\/lecoconception-en-electroniqu\">Dunod&nbsp;<\/a>en Mars 2011 avec le concours de l\u2019ADEME : <strong>L&rsquo;Ecoconception en Electronique<\/strong><\/p>\n\n\n\n<div class=\"wp-block-image\"><figure class=\"aligncenter\"><img loading=\"lazy\" decoding=\"async\" width=\"210\" height=\"300\" src=\"http:\/\/lacoste.link\/wp-content\/uploads\/2019\/02\/ecoconception-210x300.jpg\" alt=\"\" class=\"wp-image-80\" srcset=\"https:\/\/lacoste.link\/wp-content\/uploads\/2019\/02\/ecoconception-210x300.jpg 210w, https:\/\/lacoste.link\/wp-content\/uploads\/2019\/02\/ecoconception.jpg 355w\" sizes=\"(max-width: 210px) 100vw, 210px\" \/><\/figure><\/div>\n\n\n\n<p>Disponible aupr\u00e8s de <a href=\"https:\/\/www.dunod.com\/sciences-techniques\/ecoconception-en-electronique\">Dunod<\/a>. <\/p>\n\n\n\n<hr class=\"wp-block-separator\"\/>\n\n\n\n<p>Une compilation des 25 premiers articles de ma rubriques \u00ab\u00a0Hors Circuits\u00a0\u00bb a \u00e9t\u00e9 publi\u00e9e par Elektor en 2019 : <strong>Percer Les Mysteres De L&rsquo;Electronique &#8211; Hors-Circuits Avec Robert Lacoste<\/strong><\/p>\n\n\n\n<div class=\"wp-block-image\"><figure class=\"aligncenter is-resized\"><a href=\"https:\/\/www.elektor.fr\/percer-les-mysteres-de-l-electronique\"><img loading=\"lazy\" decoding=\"async\" src=\"https:\/\/lacoste.link\/wp-content\/uploads\/2019\/09\/mystereselec.jpg\" alt=\"\" class=\"wp-image-172\" width=\"243\" height=\"371\" srcset=\"https:\/\/lacoste.link\/wp-content\/uploads\/2019\/09\/mystereselec.jpg 485w, https:\/\/lacoste.link\/wp-content\/uploads\/2019\/09\/mystereselec-196x300.jpg 196w, https:\/\/lacoste.link\/wp-content\/uploads\/2019\/09\/mystereselec-314x480.jpg 314w, https:\/\/lacoste.link\/wp-content\/uploads\/2019\/09\/mystereselec-327x500.jpg 327w\" sizes=\"(max-width: 243px) 100vw, 243px\" \/><\/a><\/figure><\/div>\n\n\n\n<p>Disponible aupr\u00e8s d&rsquo;<a href=\"https:\/\/www.elektor.fr\/percer-les-mysteres-de-l-electronique\">Elektor<\/a>. <br><\/p>\n","protected":false},"excerpt":{"rendered":"<p>Un recueil, largement compl\u00e9t\u00e9, de mes premiers articles dans Circuit Cellar a \u00e9t\u00e9 publi\u00e9 en Octobre 2009 par Elsevier\/Newnes :&nbsp;The Darker Side :&nbsp;Practical Applications for Electronic Design Concepts from Circuit Cellar . \u00ab I have read and used much of the material in Roberts book. I recommend it as required reading by all engineers. I &hellip; <\/p>\n<p class=\"link-more\"><a href=\"https:\/\/lacoste.link\/index.php\/ouvrages\/\" class=\"more-link\">Continuer la lecture<span class=\"screen-reader-text\"> de &laquo;&nbsp;Ouvrages&nbsp;&raquo;<\/span><\/a><\/p>\n","protected":false},"author":1,"featured_media":0,"parent":0,"menu_order":0,"comment_status":"closed","ping_status":"closed","template":"","meta":{"footnotes":""},"class_list":["post-78","page","type-page","status-publish","hentry"],"_links":{"self":[{"href":"https:\/\/lacoste.link\/index.php\/wp-json\/wp\/v2\/pages\/78"}],"collection":[{"href":"https:\/\/lacoste.link\/index.php\/wp-json\/wp\/v2\/pages"}],"about":[{"href":"https:\/\/lacoste.link\/index.php\/wp-json\/wp\/v2\/types\/page"}],"author":[{"embeddable":true,"href":"https:\/\/lacoste.link\/index.php\/wp-json\/wp\/v2\/users\/1"}],"replies":[{"embeddable":true,"href":"https:\/\/lacoste.link\/index.php\/wp-json\/wp\/v2\/comments?post=78"}],"version-history":[{"count":2,"href":"https:\/\/lacoste.link\/index.php\/wp-json\/wp\/v2\/pages\/78\/revisions"}],"predecessor-version":[{"id":173,"href":"https:\/\/lacoste.link\/index.php\/wp-json\/wp\/v2\/pages\/78\/revisions\/173"}],"wp:attachment":[{"href":"https:\/\/lacoste.link\/index.php\/wp-json\/wp\/v2\/media?parent=78"}],"curies":[{"name":"wp","href":"https:\/\/api.w.org\/{rel}","templated":true}]}}