{"id":385,"date":"2026-04-15T13:50:42","date_gmt":"2026-04-15T11:50:42","guid":{"rendered":"https:\/\/lacoste.link\/?page_id=385"},"modified":"2026-04-15T13:50:47","modified_gmt":"2026-04-15T11:50:47","slug":"cyrixmon","status":"publish","type":"page","link":"https:\/\/lacoste.link\/index.php\/cyrixmon\/","title":{"rendered":"CyrixMon"},"content":{"rendered":"<p><strong>CyrixMon, o\u00f9 comment allumer une LED lorsqu&rsquo;un coupleur Victron Cyrix-CT commute&#8230;<\/strong><\/p>\n<p><img loading=\"lazy\" decoding=\"async\" class=\"alignnone wp-image-388\" src=\"http:\/\/lacoste.link\/wp-content\/uploads\/2026\/04\/IMG_7379-rotated.jpg\" alt=\"\" width=\"274\" height=\"365\" srcset=\"https:\/\/lacoste.link\/wp-content\/uploads\/2026\/04\/IMG_7379-rotated.jpg 1512w, https:\/\/lacoste.link\/wp-content\/uploads\/2026\/04\/IMG_7379-225x300.jpg 225w, https:\/\/lacoste.link\/wp-content\/uploads\/2026\/04\/IMG_7379-768x1024.jpg 768w, https:\/\/lacoste.link\/wp-content\/uploads\/2026\/04\/IMG_7379-360x480.jpg 360w, https:\/\/lacoste.link\/wp-content\/uploads\/2026\/04\/IMG_7379-375x500.jpg 375w, https:\/\/lacoste.link\/wp-content\/uploads\/2026\/04\/IMG_7379-640x853.jpg 640w, https:\/\/lacoste.link\/wp-content\/uploads\/2026\/04\/IMG_7379-1152x1536.jpg 1152w\" sizes=\"(max-width: 274px) 100vw, 274px\" \/> \u00a0<img loading=\"lazy\" decoding=\"async\" class=\"alignnone wp-image-389\" src=\"http:\/\/lacoste.link\/wp-content\/uploads\/2026\/04\/IMG_7380-1-rotated.jpg\" alt=\"\" width=\"273\" height=\"364\" srcset=\"https:\/\/lacoste.link\/wp-content\/uploads\/2026\/04\/IMG_7380-1-rotated.jpg 1512w, https:\/\/lacoste.link\/wp-content\/uploads\/2026\/04\/IMG_7380-1-225x300.jpg 225w, https:\/\/lacoste.link\/wp-content\/uploads\/2026\/04\/IMG_7380-1-768x1024.jpg 768w, https:\/\/lacoste.link\/wp-content\/uploads\/2026\/04\/IMG_7380-1-360x480.jpg 360w, https:\/\/lacoste.link\/wp-content\/uploads\/2026\/04\/IMG_7380-1-375x500.jpg 375w, https:\/\/lacoste.link\/wp-content\/uploads\/2026\/04\/IMG_7380-1-640x853.jpg 640w, https:\/\/lacoste.link\/wp-content\/uploads\/2026\/04\/IMG_7380-1-1152x1536.jpg 1152w\" sizes=\"(max-width: 273px) 100vw, 273px\" \/><\/p>\n<p>Les coupleurs Cyrix-CT propos\u00e9s par Victron sont une solution efficace pour coupleur deux batteries ou deux packs batteries sur un voilier par exemple. Ces produits existent dans diff\u00e9rentes variantes, et la version la moins ch\u00e8re (120A) suffit largement pour un bateau de 9m comme le mien. Toutefois cette version a un inconv\u00e9nient par rapport aux versions de plus forte puissance : Elle ne dispose pas d&rsquo;une LED de signalisation, permettant de savoir si le relais est commut\u00e9 ou pas&#8230; Comment en rajouter une, avec un tout petit peu d&rsquo;\u00e9lectronique ? Je vous en parle dans cette video :<\/p>\n<p><iframe loading=\"lazy\" title=\"Elec&#039;Sail 04-10bis Energie : le bricolage CyrixMon\" width=\"525\" height=\"295\" src=\"https:\/\/www.youtube.com\/embed\/XV2S-tXV5og?feature=oembed\" frameborder=\"0\" allow=\"accelerometer; autoplay; clipboard-write; encrypted-media; gyroscope; picture-in-picture; web-share\" referrerpolicy=\"strict-origin-when-cross-origin\" allowfullscreen><\/iframe><\/p>\n<p>Pour plus d&rsquo;information sur le couplage des batteries :<\/p>\n<p><iframe loading=\"lazy\" title=\"Elec&#039;Sail 04-10 Energie : Couplage des batteries\" width=\"525\" height=\"295\" src=\"https:\/\/www.youtube.com\/embed\/sgX3G_DOr9Q?feature=oembed\" frameborder=\"0\" allow=\"accelerometer; autoplay; clipboard-write; encrypted-media; gyroscope; picture-in-picture; web-share\" referrerpolicy=\"strict-origin-when-cross-origin\" allowfullscreen><\/iframe><\/p>\n<p>Et voici, si besoin, les fichiers CAO associ\u00e9s \u00e0 ce mini-projet. A consid\u00e9rer comme \u00ab\u00a0open hardware\u00a0\u00bb, c&rsquo;est \u00e0 dire faites en ce que vous voulez mais fournis absolument sans aucune garantie !<\/p>\n<p><a href=\"http:\/\/lacoste.link\/wp-content\/uploads\/2026\/04\/cyrixmon_cad.zip\">cyrixmon_cad<\/a><\/p>\n<p>&nbsp;<\/p>\n","protected":false},"excerpt":{"rendered":"<p>CyrixMon, o\u00f9 comment allumer une LED lorsqu&rsquo;un coupleur Victron Cyrix-CT commute&#8230; \u00a0 Les coupleurs Cyrix-CT propos\u00e9s par Victron sont une solution efficace pour coupleur deux batteries ou deux packs batteries sur un voilier par exemple. Ces produits existent dans diff\u00e9rentes variantes, et la version la moins ch\u00e8re (120A) suffit largement pour un bateau de 9m &hellip; <\/p>\n<p class=\"link-more\"><a href=\"https:\/\/lacoste.link\/index.php\/cyrixmon\/\" class=\"more-link\">Continuer la lecture<span class=\"screen-reader-text\"> de &laquo;&nbsp;CyrixMon&nbsp;&raquo;<\/span><\/a><\/p>\n","protected":false},"author":1,"featured_media":0,"parent":0,"menu_order":0,"comment_status":"closed","ping_status":"closed","template":"","meta":{"footnotes":""},"class_list":["post-385","page","type-page","status-publish","hentry"],"_links":{"self":[{"href":"https:\/\/lacoste.link\/index.php\/wp-json\/wp\/v2\/pages\/385"}],"collection":[{"href":"https:\/\/lacoste.link\/index.php\/wp-json\/wp\/v2\/pages"}],"about":[{"href":"https:\/\/lacoste.link\/index.php\/wp-json\/wp\/v2\/types\/page"}],"author":[{"embeddable":true,"href":"https:\/\/lacoste.link\/index.php\/wp-json\/wp\/v2\/users\/1"}],"replies":[{"embeddable":true,"href":"https:\/\/lacoste.link\/index.php\/wp-json\/wp\/v2\/comments?post=385"}],"version-history":[{"count":1,"href":"https:\/\/lacoste.link\/index.php\/wp-json\/wp\/v2\/pages\/385\/revisions"}],"predecessor-version":[{"id":390,"href":"https:\/\/lacoste.link\/index.php\/wp-json\/wp\/v2\/pages\/385\/revisions\/390"}],"wp:attachment":[{"href":"https:\/\/lacoste.link\/index.php\/wp-json\/wp\/v2\/media?parent=385"}],"curies":[{"name":"wp","href":"https:\/\/api.w.org\/{rel}","templated":true}]}}