{"id":249,"date":"2023-11-05T19:07:16","date_gmt":"2023-11-05T18:07:16","guid":{"rendered":"https:\/\/lacoste.link\/?page_id=249"},"modified":"2023-11-06T21:15:41","modified_gmt":"2023-11-06T20:15:41","slug":"le-declencheur-hanmar-ma1","status":"publish","type":"page","link":"https:\/\/lacoste.link\/index.php\/le-declencheur-hanmar-ma1\/","title":{"rendered":"Le d\u00e9clencheur Hammar MA1"},"content":{"rendered":"<p>Les gilets de sauvetage automatiques ont depuis pas mal d&rsquo;ann\u00e9es compl\u00e8tement remplac\u00e9 les bons vieux gilets en mousse. Ils apportent en pratique une <strong>bien meilleure s\u00e9curit\u00e9<\/strong>&#8230; car ils peuvent \u00eatre port\u00e9s en permanence ou presque ! Car bien s\u00fbr un gilet de sauvetage ne sert \u00e0 rien s&rsquo;il reste au fond d&rsquo;un coffre&#8230;<\/p>\n<p>Comment marche le gonflage d&rsquo;un tel gilet ? Il y a bien s\u00fbr toujours un embout de gonflage manuel au cas o\u00f9, mais surtout une r\u00e9serve de gaz (CO2), avec un moyen manuel de d\u00e9clenchement (tirette, etc). Pour le d\u00e9clenchement automatique en cas de chute \u00e0 la mer, deux dispositifs se partagent le march\u00e9 : Des syst\u00e8mes bas co\u00fbt bas\u00e9s sur une capsule de sel (qui se dissout au contact de l&rsquo;eau mais malheureusement aussi des fois en cas d&rsquo;humidit\u00e9 importante&#8230;), et des syst\u00e8mes bas\u00e9s sur la pression de l&rsquo;eau. Dans cette derni\u00e8re cat\u00e9gorie, les produits Hammar sont a priori les plus courants. C&rsquo;est le cas de mon gilet, \u00e9quip\u00e9 d&rsquo;un d\u00e9clencheur Hammar MA1. Une partie \u00e0 l&rsquo;int\u00e9rieur du gilet comprend la cartouche de CO2 et le percuteur, et une partie jaune \u00e0 l&rsquo;ext\u00e9rieur du gilet forme\u00a0 le d\u00e9clencheur proprement dit. Les deux parties sont solidaris\u00e9es par une couronne plastique, d\u00e9verrouillable via une petite cl\u00e9 pour le remplacement p\u00e9riodique des \u00e9l\u00e9ments. Plein de tutos existent pour expliquer comment faire la maintenance de tels produits, ce n&rsquo;est pas mon propos ici.<\/p>\n<p><img loading=\"lazy\" decoding=\"async\" class=\"size-medium wp-image-286 aligncenter\" src=\"http:\/\/lacoste.link\/wp-content\/uploads\/2023\/11\/IMG_7668p-300x248.jpg\" alt=\"\" width=\"300\" height=\"248\" srcset=\"https:\/\/lacoste.link\/wp-content\/uploads\/2023\/11\/IMG_7668p-300x248.jpg 300w, https:\/\/lacoste.link\/wp-content\/uploads\/2023\/11\/IMG_7668p-768x634.jpg 768w, https:\/\/lacoste.link\/wp-content\/uploads\/2023\/11\/IMG_7668p-582x480.jpg 582w, https:\/\/lacoste.link\/wp-content\/uploads\/2023\/11\/IMG_7668p-606x500.jpg 606w, https:\/\/lacoste.link\/wp-content\/uploads\/2023\/11\/IMG_7668p-640x528.jpg 640w, https:\/\/lacoste.link\/wp-content\/uploads\/2023\/11\/IMG_7668p.jpg 1000w\" sizes=\"(max-width: 300px) 100vw, 300px\" \/><\/p>\n<p>Mais comment fonctionne un tel d\u00e9clencheur ? Profitant d&rsquo;une op\u00e9ration de remplacement p\u00e9riodique, j&rsquo;ai eu la curiosit\u00e9 de le d\u00e9monter. Ci-dessous le r\u00e9sultat de cette op\u00e9ration chirurgicale&#8230;<\/p>\n<p><strong>ATTENTION : Les informations donn\u00e9es dans cette page sont uniquement \u00e0 but informatif. En aucun cas un tel dispositif ne doit bien entendu \u00eatre d\u00e9mont\u00e9, \u00ab\u00a0r\u00e9par\u00e9\u00a0\u00bb et r\u00e9utilis\u00e9 au risque de mettre votre vie ou celle de vos \u00e9quipiers en danger. Le produit est scell\u00e9 et doit le rester, il doit \u00eatre v\u00e9rifi\u00e9 et remplac\u00e9 p\u00e9riodiquement par un produit neuf selon les informations du fabricant (date de p\u00e9remption et\/ou indicateur virant au rouge). Le gilet en lui m\u00eame doit de plus \u00eatre v\u00e9rifi\u00e9 p\u00e9riodiquement .\u00a0<\/strong><\/p>\n<p>Ce qui n&#8217;emp\u00eache pas de vouloir comprendre comment \u00e7a marche. Le d\u00e9montage \u00e0 la mini-fraiseuse du d\u00e9clencheur permet d&rsquo;acc\u00e9der \u00e0 un gros ressort spirale et \u00e0 plusieurs pi\u00e8ces plastiques :<\/p>\n<p><img loading=\"lazy\" decoding=\"async\" class=\"alignnone wp-image-287 aligncenter\" src=\"http:\/\/lacoste.link\/wp-content\/uploads\/2023\/11\/IMG_7762p-300x196.jpg\" alt=\"\" width=\"524\" height=\"342\" srcset=\"https:\/\/lacoste.link\/wp-content\/uploads\/2023\/11\/IMG_7762p-300x196.jpg 300w, https:\/\/lacoste.link\/wp-content\/uploads\/2023\/11\/IMG_7762p-768x502.jpg 768w, https:\/\/lacoste.link\/wp-content\/uploads\/2023\/11\/IMG_7762p-640x419.jpg 640w, https:\/\/lacoste.link\/wp-content\/uploads\/2023\/11\/IMG_7762p-765x500.jpg 765w, https:\/\/lacoste.link\/wp-content\/uploads\/2023\/11\/IMG_7762p-172x113.jpg 172w, https:\/\/lacoste.link\/wp-content\/uploads\/2023\/11\/IMG_7762p.jpg 1000w\" sizes=\"(max-width: 524px) 100vw, 524px\" \/><\/p>\n<p>Le plus int\u00e9ressant se passe entre deux m\u00e2choires en plastique noir reli\u00e9es par une partie blanche, a priori en papier (ici d\u00e9chir\u00e9 car le d\u00e9clencheur a \u00e9t\u00e9 utilis\u00e9 avant d\u00e9montage) :\u00a0Avant d\u00e9clenchement, le papier maintient les deux m\u00e2choires solidaires. Ces m\u00e2choires bloquent alors la pi\u00e8ce centrale qui est solidaire du ressort<\/p>\n<p><img loading=\"lazy\" decoding=\"async\" class=\"size-medium wp-image-288 aligncenter\" src=\"http:\/\/lacoste.link\/wp-content\/uploads\/2023\/11\/IMG_7763p-300x225.jpg\" alt=\"\" width=\"300\" height=\"225\" srcset=\"https:\/\/lacoste.link\/wp-content\/uploads\/2023\/11\/IMG_7763p-300x225.jpg 300w, https:\/\/lacoste.link\/wp-content\/uploads\/2023\/11\/IMG_7763p-768x576.jpg 768w, https:\/\/lacoste.link\/wp-content\/uploads\/2023\/11\/IMG_7763p-640x480.jpg 640w, https:\/\/lacoste.link\/wp-content\/uploads\/2023\/11\/IMG_7763p-667x500.jpg 667w, https:\/\/lacoste.link\/wp-content\/uploads\/2023\/11\/IMG_7763p.jpg 1000w\" sizes=\"(max-width: 300px) 100vw, 300px\" \/><\/p>\n<p>Lors du d\u00e9clenchement manuel (en tirant fort sur la tirette), une came force sur les deux m\u00e2choires et le papier se d\u00e9chire. L&rsquo;axe central est alors lib\u00e9r\u00e9 et le ressort spirale l&rsquo;entra\u00eene en rotation rapide, ce qui va \u00e0 son tour entra\u00eener le percuteur et lib\u00e9rer le CO2 (cf plus bas). Ci-dessous une photo montrant la position des m\u00e2choires l\u00e9g\u00e8rement \u00e9cart\u00e9es et lib\u00e9rant la rotation de la pi\u00e8ces centrale :<\/p>\n<p><img loading=\"lazy\" decoding=\"async\" class=\"size-medium wp-image-289 aligncenter\" src=\"http:\/\/lacoste.link\/wp-content\/uploads\/2023\/11\/IMG_7764p-300x225.jpg\" alt=\"\" width=\"300\" height=\"225\" srcset=\"https:\/\/lacoste.link\/wp-content\/uploads\/2023\/11\/IMG_7764p-300x225.jpg 300w, https:\/\/lacoste.link\/wp-content\/uploads\/2023\/11\/IMG_7764p-768x576.jpg 768w, https:\/\/lacoste.link\/wp-content\/uploads\/2023\/11\/IMG_7764p-640x480.jpg 640w, https:\/\/lacoste.link\/wp-content\/uploads\/2023\/11\/IMG_7764p-667x500.jpg 667w, https:\/\/lacoste.link\/wp-content\/uploads\/2023\/11\/IMG_7764p.jpg 1000w\" sizes=\"(max-width: 300px) 100vw, 300px\" \/><\/p>\n<p>Et quid du d\u00e9clenchement automatique ? Et bien un petit piston \u00e9tanche est pr\u00e9sent dans l&rsquo;excroissance jaune, et est maintenu en position par un petit ressort tar\u00e9. Le produit est en temps normal \u00e9tanche, mais si la pression de l&rsquo;eau sur le piston d\u00e9passe la force du ressort alors l&rsquo;eau entre dans le dispositif. Je n&rsquo;ai pas fait l&rsquo;essai mais on peut imagine que l&rsquo;eau dissout alors le papier, ce qui rel\u00e2che les m\u00e2choires et lib\u00e8re l&rsquo;axe central entra\u00een\u00e9 par le ressort spirale etc.<\/p>\n<p><img loading=\"lazy\" decoding=\"async\" class=\"size-medium wp-image-290 aligncenter\" src=\"http:\/\/lacoste.link\/wp-content\/uploads\/2023\/11\/IMG_7765p-300x203.jpg\" alt=\"\" width=\"300\" height=\"203\" srcset=\"https:\/\/lacoste.link\/wp-content\/uploads\/2023\/11\/IMG_7765p-300x203.jpg 300w, https:\/\/lacoste.link\/wp-content\/uploads\/2023\/11\/IMG_7765p-768x518.jpg 768w, https:\/\/lacoste.link\/wp-content\/uploads\/2023\/11\/IMG_7765p-640x432.jpg 640w, https:\/\/lacoste.link\/wp-content\/uploads\/2023\/11\/IMG_7765p-741x500.jpg 741w, https:\/\/lacoste.link\/wp-content\/uploads\/2023\/11\/IMG_7765p.jpg 1000w\" sizes=\"(max-width: 300px) 100vw, 300px\" \/><\/p>\n<p>Simple, mais redoutablement efficace&#8230;<\/p>\n<p>Deux mots enfin sur le percuteur (qui est sur cette version vendu en m\u00eame temps que la cartouche de CO2, les deux \u00e9tant solidaris\u00e9s par une colle frein et devant de toute fa\u00e7on \u00eatre remplac\u00e9s simultan\u00e9ment en cas de percussion du gilet car le percuteur a un cliquet et un indicateur de d\u00e9clenchement non r\u00e9armable) :<\/p>\n<p><img loading=\"lazy\" decoding=\"async\" class=\"size-medium wp-image-291 aligncenter\" src=\"http:\/\/lacoste.link\/wp-content\/uploads\/2023\/11\/IMG_7769p-300x107.jpg\" alt=\"\" width=\"300\" height=\"107\" srcset=\"https:\/\/lacoste.link\/wp-content\/uploads\/2023\/11\/IMG_7769p-300x107.jpg 300w, https:\/\/lacoste.link\/wp-content\/uploads\/2023\/11\/IMG_7769p-768x273.jpg 768w, https:\/\/lacoste.link\/wp-content\/uploads\/2023\/11\/IMG_7769p-640x227.jpg 640w, https:\/\/lacoste.link\/wp-content\/uploads\/2023\/11\/IMG_7769p-948x337.jpg 948w, https:\/\/lacoste.link\/wp-content\/uploads\/2023\/11\/IMG_7769p.jpg 1000w\" sizes=\"(max-width: 300px) 100vw, 300px\" \/><\/p>\n<p>Le percuteur comprend principalement une came termin\u00e9e par une pointe m\u00e9tallique, entrain\u00e9e par un excentrique (en bas sur la photo) lui m\u00eame entrain\u00e9 par l&rsquo;axe du d\u00e9clencheur<\/p>\n<p><img loading=\"lazy\" decoding=\"async\" class=\"wp-image-292 aligncenter\" src=\"http:\/\/lacoste.link\/wp-content\/uploads\/2023\/11\/IMG_7771p-225x300.jpg\" alt=\"\" width=\"306\" height=\"408\" srcset=\"https:\/\/lacoste.link\/wp-content\/uploads\/2023\/11\/IMG_7771p-225x300.jpg 225w, https:\/\/lacoste.link\/wp-content\/uploads\/2023\/11\/IMG_7771p-360x480.jpg 360w, https:\/\/lacoste.link\/wp-content\/uploads\/2023\/11\/IMG_7771p-375x500.jpg 375w, https:\/\/lacoste.link\/wp-content\/uploads\/2023\/11\/IMG_7771p-640x853.jpg 640w, https:\/\/lacoste.link\/wp-content\/uploads\/2023\/11\/IMG_7771p.jpg 750w\" sizes=\"(max-width: 306px) 100vw, 306px\" \/><\/p>\n<p>Ainsi la rotation de l&rsquo;axe (entrain\u00e9e par la force du ressort spirale, que ca soit en cas de d\u00e9clenchement manuel ou automatique) fait sortir l&rsquo;ergot m\u00e9tallique qui perce la capsule de la bouteille de CO2 et gonfle le gilet. Une bouteille percut\u00e9e :<\/p>\n<p><img loading=\"lazy\" decoding=\"async\" class=\"alignnone size-medium wp-image-293 aligncenter\" src=\"http:\/\/lacoste.link\/wp-content\/uploads\/2023\/11\/IMG_7775p-300x260.jpg\" alt=\"\" width=\"300\" height=\"260\" srcset=\"https:\/\/lacoste.link\/wp-content\/uploads\/2023\/11\/IMG_7775p-300x260.jpg 300w, https:\/\/lacoste.link\/wp-content\/uploads\/2023\/11\/IMG_7775p-768x666.jpg 768w, https:\/\/lacoste.link\/wp-content\/uploads\/2023\/11\/IMG_7775p-554x480.jpg 554w, https:\/\/lacoste.link\/wp-content\/uploads\/2023\/11\/IMG_7775p-577x500.jpg 577w, https:\/\/lacoste.link\/wp-content\/uploads\/2023\/11\/IMG_7775p-640x555.jpg 640w, https:\/\/lacoste.link\/wp-content\/uploads\/2023\/11\/IMG_7775p.jpg 1000w\" sizes=\"(max-width: 300px) 100vw, 300px\" \/><\/p>\n<p>Voil\u00e0, encore une fois tout ceci n&rsquo;est que par go\u00fbt de la technique, et ne doit en aucune mani\u00e8re vous \u00e9viter de v\u00e9rifier, contr\u00f4ler et remplacer vos d\u00e9clencheurs, percuteurs et gilets selon le calendrier et les informations du fabricant. Quelques dizaines d&rsquo;euros typiquement tous les trois ans ce n&rsquo;est pas bien cher pour sauver sa peau ou celle de ses \u00e9quipiers et passagers&#8230;<\/p>\n","protected":false},"excerpt":{"rendered":"<p>Les gilets de sauvetage automatiques ont depuis pas mal d&rsquo;ann\u00e9es compl\u00e8tement remplac\u00e9 les bons vieux gilets en mousse. Ils apportent en pratique une bien meilleure s\u00e9curit\u00e9&#8230; car ils peuvent \u00eatre port\u00e9s en permanence ou presque ! Car bien s\u00fbr un gilet de sauvetage ne sert \u00e0 rien s&rsquo;il reste au fond d&rsquo;un coffre&#8230; Comment marche &hellip; <\/p>\n<p class=\"link-more\"><a href=\"https:\/\/lacoste.link\/index.php\/le-declencheur-hanmar-ma1\/\" class=\"more-link\">Continuer la lecture<span class=\"screen-reader-text\"> de &laquo;&nbsp;Le d\u00e9clencheur Hammar MA1&nbsp;&raquo;<\/span><\/a><\/p>\n","protected":false},"author":1,"featured_media":0,"parent":0,"menu_order":0,"comment_status":"closed","ping_status":"closed","template":"","meta":{"footnotes":""},"class_list":["post-249","page","type-page","status-publish","hentry"],"_links":{"self":[{"href":"https:\/\/lacoste.link\/index.php\/wp-json\/wp\/v2\/pages\/249"}],"collection":[{"href":"https:\/\/lacoste.link\/index.php\/wp-json\/wp\/v2\/pages"}],"about":[{"href":"https:\/\/lacoste.link\/index.php\/wp-json\/wp\/v2\/types\/page"}],"author":[{"embeddable":true,"href":"https:\/\/lacoste.link\/index.php\/wp-json\/wp\/v2\/users\/1"}],"replies":[{"embeddable":true,"href":"https:\/\/lacoste.link\/index.php\/wp-json\/wp\/v2\/comments?post=249"}],"version-history":[{"count":6,"href":"https:\/\/lacoste.link\/index.php\/wp-json\/wp\/v2\/pages\/249\/revisions"}],"predecessor-version":[{"id":306,"href":"https:\/\/lacoste.link\/index.php\/wp-json\/wp\/v2\/pages\/249\/revisions\/306"}],"wp:attachment":[{"href":"https:\/\/lacoste.link\/index.php\/wp-json\/wp\/v2\/media?parent=249"}],"curies":[{"name":"wp","href":"https:\/\/api.w.org\/{rel}","templated":true}]}}