{"id":243,"date":"2023-11-05T19:06:32","date_gmt":"2023-11-05T18:06:32","guid":{"rendered":"https:\/\/lacoste.link\/?page_id=243"},"modified":"2023-11-06T22:20:16","modified_gmt":"2023-11-06T21:20:16","slug":"jauges-capacitives","status":"publish","type":"page","link":"https:\/\/lacoste.link\/index.php\/jauges-capacitives\/","title":{"rendered":"Jauges capacitives"},"content":{"rendered":"<p>Notre Biloup \u00e9tait d&rsquo;origine d\u00e9pourvu de toute jauge : Impossible de savoir combien de gasoil restait dans le r\u00e9servoir sauf en se faufilant dans le coffre arri\u00e8re avec une lampe de poche, impossible de savoir o\u00f9 en \u00e9tait de stock d&rsquo;eau douce ou le remplissage du r\u00e9servoir d&rsquo;eaux noires&#8230; Pas simple !<\/p>\n<p>Des jauges sont bien s\u00fbr commercialis\u00e9es par nos amis shipchandlers, mais bas\u00e9es le plus souvent sur un flotteur ou un capteur ins\u00e9r\u00e9 dans le r\u00e9servoir, ce qui n&rsquo;est pas forc\u00e9ment facile \u00e0 ajouter si ce n&rsquo;est pas pr\u00e9vu d&rsquo;origine, et pas forc\u00e9ment bon march\u00e9 non plus.<\/p>\n<p>La solution que j&rsquo;ai utilis\u00e9e est assez basique mais elle fait le job : <strong>Simplement coller des capteurs capacitifs \u00e0 l&rsquo;ext\u00e9rieur du r\u00e9servoir \u00e0 diff\u00e9rentes hauteurs.<\/strong> Un tel capteur change d&rsquo;\u00e9tat selon les mat\u00e9riaux \u00e0 proximit\u00e9, et permettent donc d&rsquo;allumer plus ou moins de LEDs selon le niveau de remplissage.<\/p>\n<p>Comment faire une telle chose ? C&rsquo;est facile si l&rsquo;on est un peu bricoleur et qu&rsquo;on n&rsquo;a pas trop peur du fer \u00e0 souder. Tout d&rsquo;abord trouver des capteurs capacitifs. Evidemment les \u00e9lectroniciens chevronn\u00e9s peuvent les bricoler eux-m\u00eame, mais les chinois en font de tr\u00e8s bien et pas cher. J&rsquo;ai utilis\u00e9 un mod\u00e8le de r\u00e9f\u00e9rence XKC-Y25-NPN d\u00e9nich\u00e9 sur aliexpress pour moins de 5Eur pi\u00e8ce :<\/p>\n<p><img loading=\"lazy\" decoding=\"async\" class=\"size-medium wp-image-318 aligncenter\" src=\"http:\/\/lacoste.link\/wp-content\/uploads\/2023\/11\/capteur-293x300.jpg\" alt=\"\" width=\"293\" height=\"300\" srcset=\"https:\/\/lacoste.link\/wp-content\/uploads\/2023\/11\/capteur-293x300.jpg 293w, https:\/\/lacoste.link\/wp-content\/uploads\/2023\/11\/capteur.jpg 339w\" sizes=\"(max-width: 293px) 100vw, 293px\" \/><\/p>\n<p>Ces capteurs ont 4 fils : Deux pour l&rsquo;alimentation (5 \u00e0 12V pour le mod\u00e8le que j&rsquo;ai choisi, mais certains tol\u00e8rent jusqu&rsquo;\u00e0 24V), un pour la sortie (ouvert ou \u00e0 la masse selon la pr\u00e9sence ou pas d&rsquo;eau pour la variante NPN), et un pour choisir le mode (le laisser en l&rsquo;air ou le mettre \u00e0 la masse inverse le sens de la sortie). Il suffit donc d&rsquo;en acheter une poign\u00e9e, et de les coller au sicaflex sur la paroi du r\u00e9servoir. Illustration avec mon r\u00e9servoir de gaz oil (3 niveaux d\u00e9tect\u00e9s) et d&rsquo;eau noire (un seul niveau \u00ab\u00a0videz moi vite\u00a0\u00bb) :<\/p>\n<p><img loading=\"lazy\" decoding=\"async\" class=\"alignnone size-medium wp-image-314\" src=\"http:\/\/lacoste.link\/wp-content\/uploads\/2023\/11\/IMG_2939-225x300.jpg\" alt=\"\" width=\"225\" height=\"300\" srcset=\"https:\/\/lacoste.link\/wp-content\/uploads\/2023\/11\/IMG_2939-225x300.jpg 225w, https:\/\/lacoste.link\/wp-content\/uploads\/2023\/11\/IMG_2939-768x1024.jpg 768w, https:\/\/lacoste.link\/wp-content\/uploads\/2023\/11\/IMG_2939-360x480.jpg 360w, https:\/\/lacoste.link\/wp-content\/uploads\/2023\/11\/IMG_2939-375x500.jpg 375w, https:\/\/lacoste.link\/wp-content\/uploads\/2023\/11\/IMG_2939-640x853.jpg 640w, https:\/\/lacoste.link\/wp-content\/uploads\/2023\/11\/IMG_2939-1152x1536.jpg 1152w, https:\/\/lacoste.link\/wp-content\/uploads\/2023\/11\/IMG_2939-1536x2048.jpg 1536w, https:\/\/lacoste.link\/wp-content\/uploads\/2023\/11\/IMG_2939-scaled.jpg 1920w\" sizes=\"(max-width: 225px) 100vw, 225px\" \/> <img loading=\"lazy\" decoding=\"async\" class=\"alignnone size-medium wp-image-312\" src=\"http:\/\/lacoste.link\/wp-content\/uploads\/2023\/11\/20211106_154109-225x300.jpg\" alt=\"\" width=\"225\" height=\"300\" srcset=\"https:\/\/lacoste.link\/wp-content\/uploads\/2023\/11\/20211106_154109-225x300.jpg 225w, https:\/\/lacoste.link\/wp-content\/uploads\/2023\/11\/20211106_154109-768x1024.jpg 768w, https:\/\/lacoste.link\/wp-content\/uploads\/2023\/11\/20211106_154109-360x480.jpg 360w, https:\/\/lacoste.link\/wp-content\/uploads\/2023\/11\/20211106_154109-375x500.jpg 375w, https:\/\/lacoste.link\/wp-content\/uploads\/2023\/11\/20211106_154109-640x853.jpg 640w, https:\/\/lacoste.link\/wp-content\/uploads\/2023\/11\/20211106_154109-1152x1536.jpg 1152w, https:\/\/lacoste.link\/wp-content\/uploads\/2023\/11\/20211106_154109-1536x2048.jpg 1536w, https:\/\/lacoste.link\/wp-content\/uploads\/2023\/11\/20211106_154109-scaled.jpg 1920w\" sizes=\"(max-width: 225px) 100vw, 225px\" \/><\/p>\n<p>Seul point de vigilance : Ces capteurs d\u00e9tectent l&rsquo;eau, mais peuvent aussi d\u00e9tecter encore plus facilement n&rsquo;importe quoi de m\u00e9tallique \u00e0 proximit\u00e9. Il est donc judicieux de les placer de telle fa\u00e7on qu&rsquo;il ne puisse pas y avoir de fil \u00e9lectrique ou de quoi que ce soit d&rsquo;autre qui puisse arriver disons \u00e0 moins de 5cm des capteurs, au risque sinon d&rsquo;avoir une mesure fauss\u00e9e.<\/p>\n<p>Il faut ensuite se bricoler un petit pupitre d&rsquo;affichage, c&rsquo;est \u00e0 dire quelques LEDs et r\u00e9sistances de limitation de courant affichant l&rsquo;\u00e9tat de chaque capteur \u00e0 la table \u00e0 carte ou o\u00f9 vous voulez. Etant un peu inquiet vis \u00e0 vis de la tension maximale de 12V tol\u00e9r\u00e9e par ces capteurs, j&rsquo;ai personnellement ajout\u00e9 quelques composants \u00e9lectroniques pour r\u00e9guler \u00e0 8V la tension d\u00e9livr\u00e9e par la batterie. Ceci pourrait probablement \u00eatre \u00e9vit\u00e9 en achetant les capteurs en version 10-24V. Enfin, le petit sch\u00e9ma \u00e9lectrique du mini-pupitre est quelque chose comme \u00e7a (avec autant de capteurs et de LEDs que souhait\u00e9) :<\/p>\n<p><img loading=\"lazy\" decoding=\"async\" class=\"size-full wp-image-315 aligncenter\" src=\"http:\/\/lacoste.link\/wp-content\/uploads\/2023\/11\/schema_1.jpg\" alt=\"\" width=\"1120\" height=\"613\" srcset=\"https:\/\/lacoste.link\/wp-content\/uploads\/2023\/11\/schema_1.jpg 1120w, https:\/\/lacoste.link\/wp-content\/uploads\/2023\/11\/schema_1-300x164.jpg 300w, https:\/\/lacoste.link\/wp-content\/uploads\/2023\/11\/schema_1-1024x560.jpg 1024w, https:\/\/lacoste.link\/wp-content\/uploads\/2023\/11\/schema_1-768x420.jpg 768w, https:\/\/lacoste.link\/wp-content\/uploads\/2023\/11\/schema_1-640x350.jpg 640w, https:\/\/lacoste.link\/wp-content\/uploads\/2023\/11\/schema_1-914x500.jpg 914w\" sizes=\"(max-width: 767px) 89vw, (max-width: 1000px) 54vw, (max-width: 1071px) 543px, 580px\" \/><\/p>\n<p>Reste \u00e0 c\u00e2bler ces quelques composants, soit en l&rsquo;air soit sur une petite platine \u00e0 trous comme illustr\u00e9 l\u00e0.\u00a0 Noter les borniers \u00e0 ressort qui facilitent beaucoup l&rsquo;installation \u00e0 bord ensuite. Les deux \u00e9chelles de LED de gauche sont pour le gazoil et l&rsquo;eau (3 capteurs en vert et une LED rouge toujours allum\u00e9e en bas), la LED rouge de droite s&rsquo;allume quand le r\u00e9servoir d&rsquo;eaux noires est quasi plein.<\/p>\n<p><img loading=\"lazy\" decoding=\"async\" class=\"size-large wp-image-310 aligncenter\" src=\"http:\/\/lacoste.link\/wp-content\/uploads\/2023\/11\/20210313_171531_resized-768x1024.jpg\" alt=\"\" width=\"525\" height=\"700\" srcset=\"https:\/\/lacoste.link\/wp-content\/uploads\/2023\/11\/20210313_171531_resized-768x1024.jpg 768w, https:\/\/lacoste.link\/wp-content\/uploads\/2023\/11\/20210313_171531_resized-225x300.jpg 225w, https:\/\/lacoste.link\/wp-content\/uploads\/2023\/11\/20210313_171531_resized-360x480.jpg 360w, https:\/\/lacoste.link\/wp-content\/uploads\/2023\/11\/20210313_171531_resized-375x500.jpg 375w, https:\/\/lacoste.link\/wp-content\/uploads\/2023\/11\/20210313_171531_resized-640x853.jpg 640w, https:\/\/lacoste.link\/wp-content\/uploads\/2023\/11\/20210313_171531_resized-1152x1536.jpg 1152w, https:\/\/lacoste.link\/wp-content\/uploads\/2023\/11\/20210313_171531_resized-1536x2048.jpg 1536w, https:\/\/lacoste.link\/wp-content\/uploads\/2023\/11\/20210313_171531_resized.jpg 1728w\" sizes=\"(max-width: 525px) 100vw, 525px\" \/><\/p>\n<p>Le verso. Euh, pas m\u00e9ga joli mais \u00e7a fait le job&#8230; Etamer copieusement toutes les pistes conductrices effectivement utilis\u00e9es r\u00e9duit notablement les soucis \u00e0 long terme en milieu salin&#8230;<\/p>\n<p><img loading=\"lazy\" decoding=\"async\" class=\"size-large wp-image-311 aligncenter\" src=\"http:\/\/lacoste.link\/wp-content\/uploads\/2023\/11\/20210313_171550_resized-768x1024.jpg\" alt=\"\" width=\"525\" height=\"700\" srcset=\"https:\/\/lacoste.link\/wp-content\/uploads\/2023\/11\/20210313_171550_resized-768x1024.jpg 768w, https:\/\/lacoste.link\/wp-content\/uploads\/2023\/11\/20210313_171550_resized-225x300.jpg 225w, https:\/\/lacoste.link\/wp-content\/uploads\/2023\/11\/20210313_171550_resized-360x480.jpg 360w, https:\/\/lacoste.link\/wp-content\/uploads\/2023\/11\/20210313_171550_resized-375x500.jpg 375w, https:\/\/lacoste.link\/wp-content\/uploads\/2023\/11\/20210313_171550_resized-640x853.jpg 640w, https:\/\/lacoste.link\/wp-content\/uploads\/2023\/11\/20210313_171550_resized-1152x1536.jpg 1152w, https:\/\/lacoste.link\/wp-content\/uploads\/2023\/11\/20210313_171550_resized-1536x2048.jpg 1536w, https:\/\/lacoste.link\/wp-content\/uploads\/2023\/11\/20210313_171550_resized-rotated.jpg 1728w\" sizes=\"(max-width: 525px) 100vw, 525px\" \/><\/p>\n<p>Et voil\u00e0, il ne reste plus qu&rsquo;\u00e0 mettre le tout dans une joli bo\u00eete, \u00e0 tirer des fils entre les capteurs et l&rsquo;affichage (ce qui est de loin le plus long et p\u00e9nible \u00e0 faire dans un bateau !), par exemple avec du c\u00e2ble t\u00e9l\u00e9phonique, \u00e0 raccorder le tout \u00e0 l&rsquo;alimentation 12V via un petit bouton poussoir et un fusible pour que ca ne consomme que quant on en a besoin, et voil\u00e0 :<\/p>\n<p><img loading=\"lazy\" decoding=\"async\" class=\"size-large wp-image-313 aligncenter\" src=\"http:\/\/lacoste.link\/wp-content\/uploads\/2023\/11\/20211107_170508-768x1024.jpg\" alt=\"\" width=\"525\" height=\"700\" srcset=\"https:\/\/lacoste.link\/wp-content\/uploads\/2023\/11\/20211107_170508-768x1024.jpg 768w, https:\/\/lacoste.link\/wp-content\/uploads\/2023\/11\/20211107_170508-225x300.jpg 225w, https:\/\/lacoste.link\/wp-content\/uploads\/2023\/11\/20211107_170508-360x480.jpg 360w, https:\/\/lacoste.link\/wp-content\/uploads\/2023\/11\/20211107_170508-375x500.jpg 375w, https:\/\/lacoste.link\/wp-content\/uploads\/2023\/11\/20211107_170508-640x853.jpg 640w, https:\/\/lacoste.link\/wp-content\/uploads\/2023\/11\/20211107_170508-1152x1536.jpg 1152w, https:\/\/lacoste.link\/wp-content\/uploads\/2023\/11\/20211107_170508-1536x2048.jpg 1536w, https:\/\/lacoste.link\/wp-content\/uploads\/2023\/11\/20211107_170508-scaled.jpg 1920w\" sizes=\"(max-width: 525px) 100vw, 525px\" \/><\/p>\n<p>Un dernier mot important : Ces capteurs ont une vis de r\u00e9glage de sensibilit\u00e9. Ce n&rsquo;est a priori pas \u00e9vident mais elle est accessible en d\u00e9collant l&rsquo;\u00e9tiquette au dos des capteurs et avec un micro-tournevis :<\/p>\n<p><img loading=\"lazy\" decoding=\"async\" class=\"alignnone size-thumbnail wp-image-319 aligncenter\" src=\"http:\/\/lacoste.link\/wp-content\/uploads\/2023\/11\/captregl-150x150.jpg\" alt=\"\" width=\"150\" height=\"150\" srcset=\"https:\/\/lacoste.link\/wp-content\/uploads\/2023\/11\/captregl-150x150.jpg 150w, https:\/\/lacoste.link\/wp-content\/uploads\/2023\/11\/captregl-100x100.jpg 100w\" sizes=\"(max-width: 150px) 100vw, 150px\" \/><\/p>\n<p>Le mode de r\u00e9glage est basique : Une fois le r\u00e9servoir rempli, tourner la vis pour que la LED s&rsquo;illumine, juste en dessus du seuil de d\u00e9tection. Bon, j&rsquo;ai du reprendre les r\u00e9glages une ou deux fois mais depuis c&rsquo;est stable. Evidemment c&rsquo;est plus simple \u00e0 faire si on est deux&#8230; A noter aussi qu&rsquo;on peut avoir une fausse d\u00e9tection lorsqu&rsquo;on approche le tournevis, il faut donc y aller pas \u00e0 pas en \u00e9loignant le tournevis et la main \u00e0 chaque r\u00e9glage mais ce n&rsquo;est pas bien compliqu\u00e9.<\/p>\n<p>Bon bricolages !<\/p>\n","protected":false},"excerpt":{"rendered":"<p>Notre Biloup \u00e9tait d&rsquo;origine d\u00e9pourvu de toute jauge : Impossible de savoir combien de gasoil restait dans le r\u00e9servoir sauf en se faufilant dans le coffre arri\u00e8re avec une lampe de poche, impossible de savoir o\u00f9 en \u00e9tait de stock d&rsquo;eau douce ou le remplissage du r\u00e9servoir d&rsquo;eaux noires&#8230; Pas simple ! Des jauges sont &hellip; <\/p>\n<p class=\"link-more\"><a href=\"https:\/\/lacoste.link\/index.php\/jauges-capacitives\/\" class=\"more-link\">Continuer la lecture<span class=\"screen-reader-text\"> de &laquo;&nbsp;Jauges capacitives&nbsp;&raquo;<\/span><\/a><\/p>\n","protected":false},"author":1,"featured_media":0,"parent":0,"menu_order":0,"comment_status":"closed","ping_status":"closed","template":"","meta":{"footnotes":""},"class_list":["post-243","page","type-page","status-publish","hentry"],"_links":{"self":[{"href":"https:\/\/lacoste.link\/index.php\/wp-json\/wp\/v2\/pages\/243"}],"collection":[{"href":"https:\/\/lacoste.link\/index.php\/wp-json\/wp\/v2\/pages"}],"about":[{"href":"https:\/\/lacoste.link\/index.php\/wp-json\/wp\/v2\/types\/page"}],"author":[{"embeddable":true,"href":"https:\/\/lacoste.link\/index.php\/wp-json\/wp\/v2\/users\/1"}],"replies":[{"embeddable":true,"href":"https:\/\/lacoste.link\/index.php\/wp-json\/wp\/v2\/comments?post=243"}],"version-history":[{"count":4,"href":"https:\/\/lacoste.link\/index.php\/wp-json\/wp\/v2\/pages\/243\/revisions"}],"predecessor-version":[{"id":321,"href":"https:\/\/lacoste.link\/index.php\/wp-json\/wp\/v2\/pages\/243\/revisions\/321"}],"wp:attachment":[{"href":"https:\/\/lacoste.link\/index.php\/wp-json\/wp\/v2\/media?parent=243"}],"curies":[{"name":"wp","href":"https:\/\/api.w.org\/{rel}","templated":true}]}}