{"id":237,"date":"2023-11-05T19:05:40","date_gmt":"2023-11-05T18:05:40","guid":{"rendered":"https:\/\/lacoste.link\/?page_id=237"},"modified":"2026-04-15T14:03:01","modified_gmt":"2026-04-15T12:03:01","slug":"voile","status":"publish","type":"page","link":"https:\/\/lacoste.link\/index.php\/voile\/","title":{"rendered":"Voile"},"content":{"rendered":"<hr \/>\n<p><a href=\"https:\/\/lacoste.link\/index.php\/configuration-nmea\/\"><img loading=\"lazy\" decoding=\"async\" class=\"alignnone size-full wp-image-394 aligncenter\" src=\"http:\/\/lacoste.link\/wp-content\/uploads\/2026\/04\/elecsail_logo_redim-1.png\" alt=\"\" width=\"220\" height=\"246\" \/><\/a><\/p>\n<p>NEWS : Depuis Mars 2026, j&rsquo;ai lanc\u00e9 une petite cha\u00eene YouTube baptis\u00e9e <a href=\"https:\/\/lacoste.link\/index.php\/configuration-nmea\/\">Elec&rsquo;Sail<\/a>, o\u00f9 je tente de pr\u00e9senter les diff\u00e9rents concepts de l&rsquo;\u00e9lectronique marine. On y parle de bus de communications (NMEA0183, NMEA2000, Seatalk, Signal K, etc), de radios (BHF, AIS, 5G, Wifi, antennes, etc), de gestion \u00e9nerg\u00e9tique (batteries, chargeurs, solaire, \u00e9olien, BMS, MPPT, etc) et du reste ! Au del\u00e0 de tutos \u00ab\u00a0comment faire pour que ca marche\u00a0\u00bb, l&rsquo;objectif d&rsquo;Elec&rsquo;Sail est de comprendre le fond des choses&#8230; pour utiliser tout \u00e7a au mieux et devenir autonome. Si \u00e7a vous interesse, c&rsquo;est l\u00e0 :<\/p>\n<p>https:\/\/www.youtube.com\/@ElecSail<\/p>\n<p><iframe loading=\"lazy\" title=\"Elec&#039;Sail 00B introduction\" width=\"525\" height=\"295\" src=\"https:\/\/www.youtube.com\/embed\/3BSc-nMeoss?feature=oembed\" frameborder=\"0\" allow=\"accelerometer; autoplay; clipboard-write; encrypted-media; gyroscope; picture-in-picture; web-share\" referrerpolicy=\"strict-origin-when-cross-origin\" allowfullscreen><\/iframe><\/p>\n<hr \/>\n<p>D\u00e9but 2021 (merci Covid) nous avons r\u00e9alis\u00e9 un r\u00eave qui nous trottait dans la t\u00eate depuis des ann\u00e9es et sommes les heureux propri\u00e9taires d&rsquo;un petit voilier, un Biloup 89 du doux nom de \u00ab\u00a0Belle Histoire\u00a0\u00bb. C&rsquo;est lui :<\/p>\n<p><img loading=\"lazy\" decoding=\"async\" class=\"size-medium wp-image-261 aligncenter\" style=\"font-size: 1rem;\" src=\"http:\/\/lacoste.link\/wp-content\/uploads\/2023\/11\/IMG_1555-300x225.jpg\" alt=\"\" width=\"300\" height=\"225\" srcset=\"https:\/\/lacoste.link\/wp-content\/uploads\/2023\/11\/IMG_1555-300x225.jpg 300w, https:\/\/lacoste.link\/wp-content\/uploads\/2023\/11\/IMG_1555-1024x768.jpg 1024w, https:\/\/lacoste.link\/wp-content\/uploads\/2023\/11\/IMG_1555-768x576.jpg 768w, https:\/\/lacoste.link\/wp-content\/uploads\/2023\/11\/IMG_1555-640x480.jpg 640w, https:\/\/lacoste.link\/wp-content\/uploads\/2023\/11\/IMG_1555-667x500.jpg 667w, https:\/\/lacoste.link\/wp-content\/uploads\/2023\/11\/IMG_1555-1536x1152.jpg 1536w, https:\/\/lacoste.link\/wp-content\/uploads\/2023\/11\/IMG_1555-2048x1536.jpg 2048w\" sizes=\"(max-width: 300px) 100vw, 300px\" \/><\/p>\n<p>Comme un voilier<span style=\"font-size: 1rem;\">\u00a0est une source in\u00e9puisable d&rsquo;am\u00e9lioration et de petits ou grands trava<\/span><span style=\"font-size: 1rem;\">ux (certains diraient de gal\u00e8res mais bon, quant on aime&#8230;), ces pages ont<\/span><span style=\"font-size: 1rem;\">\u00a0pour seul but de partager ce qu&rsquo;on a appris et fait, en esp\u00e9rant que cela serve \u00e0 d&rsquo;autres !<\/span><\/p>\n<p>Alors vo<span style=\"font-size: 1rem;\">us y trouverez en vrac sur ces pages :<\/span><\/p>\n<table border=\"1\" cellpadding=\"15\">\n<tbody>\n<tr>\n<td width=\"25%\"><a href=\"https:\/\/lacoste.link\/index.php\/itineraires-et-escales\/\"><img decoding=\"async\" src=\"http:\/\/lacoste.link\/wp-content\/uploads\/2023\/11\/iti2022-246x300.jpg\" \/><\/a><\/td>\n<td>Quelques uns de nos <a href=\"https:\/\/lacoste.link\/index.php\/itineraires-et-escales\/\">itin\u00e9raires et id\u00e9es d&rsquo;escales<\/a><\/td>\n<\/tr>\n<tr>\n<td><a href=\"https:\/\/lacoste.link\/index.php\/documents-utiles\/\"><img loading=\"lazy\" decoding=\"async\" class=\"alignnone size-medium wp-image-302\" src=\"http:\/\/lacoste.link\/wp-content\/uploads\/2023\/11\/vhf-300x188.jpg\" alt=\"\" width=\"300\" height=\"188\" srcset=\"https:\/\/lacoste.link\/wp-content\/uploads\/2023\/11\/vhf-300x188.jpg 300w, https:\/\/lacoste.link\/wp-content\/uploads\/2023\/11\/vhf-768x482.jpg 768w, https:\/\/lacoste.link\/wp-content\/uploads\/2023\/11\/vhf-640x402.jpg 640w, https:\/\/lacoste.link\/wp-content\/uploads\/2023\/11\/vhf-797x500.jpg 797w, https:\/\/lacoste.link\/wp-content\/uploads\/2023\/11\/vhf.jpg 846w\" sizes=\"(max-width: 300px) 100vw, 300px\" \/><\/a><\/td>\n<td>Des <a href=\"https:\/\/lacoste.link\/index.php\/documents-utiles\/\">documents probablement utiles<\/a> (checklists, m\u00e9mento s\u00e9curit\u00e9, etc)<\/td>\n<\/tr>\n<tr>\n<td><a href=\"https:\/\/lacoste.link\/index.php\/jauges-capacitives\/\"><img loading=\"lazy\" decoding=\"async\" class=\"alignnone size-medium wp-image-314\" src=\"http:\/\/lacoste.link\/wp-content\/uploads\/2023\/11\/IMG_2939-225x300.jpg\" alt=\"\" width=\"225\" height=\"300\" srcset=\"https:\/\/lacoste.link\/wp-content\/uploads\/2023\/11\/IMG_2939-225x300.jpg 225w, https:\/\/lacoste.link\/wp-content\/uploads\/2023\/11\/IMG_2939-768x1024.jpg 768w, https:\/\/lacoste.link\/wp-content\/uploads\/2023\/11\/IMG_2939-360x480.jpg 360w, https:\/\/lacoste.link\/wp-content\/uploads\/2023\/11\/IMG_2939-375x500.jpg 375w, https:\/\/lacoste.link\/wp-content\/uploads\/2023\/11\/IMG_2939-640x853.jpg 640w, https:\/\/lacoste.link\/wp-content\/uploads\/2023\/11\/IMG_2939-1152x1536.jpg 1152w, https:\/\/lacoste.link\/wp-content\/uploads\/2023\/11\/IMG_2939-1536x2048.jpg 1536w, https:\/\/lacoste.link\/wp-content\/uploads\/2023\/11\/IMG_2939-scaled.jpg 1920w\" sizes=\"(max-width: 225px) 100vw, 225px\" \/><\/a><\/td>\n<td>Une description d&rsquo;une<a href=\"https:\/\/lacoste.link\/index.php\/jauges-capacitives\/\"> jauge capacitive<\/a> simple \u00e0 bricoler et permettant d&rsquo;avoir des informations sur les niveaux (eau, gaz oil, etc) sans percer les r\u00e9servoirs&#8230;<\/td>\n<\/tr>\n<tr>\n<td><a href=\"https:\/\/lacoste.link\/index.php\/panneau-solaire\/\"><img loading=\"lazy\" decoding=\"async\" class=\"alignnone size-medium wp-image-278\" src=\"http:\/\/lacoste.link\/wp-content\/uploads\/2023\/11\/panneau2-300x223.jpg\" alt=\"\" width=\"300\" height=\"223\" srcset=\"https:\/\/lacoste.link\/wp-content\/uploads\/2023\/11\/panneau2-300x223.jpg 300w, https:\/\/lacoste.link\/wp-content\/uploads\/2023\/11\/panneau2-768x572.jpg 768w, https:\/\/lacoste.link\/wp-content\/uploads\/2023\/11\/panneau2-640x477.jpg 640w, https:\/\/lacoste.link\/wp-content\/uploads\/2023\/11\/panneau2-671x500.jpg 671w, https:\/\/lacoste.link\/wp-content\/uploads\/2023\/11\/panneau2.jpg 925w\" sizes=\"(max-width: 300px) 100vw, 300px\" \/><\/a><\/td>\n<td>Une petite description d&rsquo;un support bricol\u00e9 pour un<a href=\"https:\/\/lacoste.link\/index.php\/panneau-solaire\/\"> panneau solaire<\/a> et de son installation<\/td>\n<\/tr>\n<tr>\n<td><img loading=\"lazy\" decoding=\"async\" class=\"alignnone size-full wp-image-393\" src=\"http:\/\/lacoste.link\/wp-content\/uploads\/2026\/04\/elecsail_logo_redim.png\" alt=\"\" width=\"220\" height=\"246\" \/><\/td>\n<td>Des <a href=\"https:\/\/lacoste.link\/index.php\/configuration-nmea\/\">videos sur l&rsquo;\u00e9lectronique de bord<\/a> didactiques mais d\u00e9taill\u00e9es et argument\u00e9es sur le plan technique, sur les r\u00e9seaux nautiques NMEA0183\/NMEA2000 mais aussi Seatalk1, Seatalk-NG, Signal-K, etc, sur l&rsquo;\u00e9lectricit\u00e9 de bord et les batteries, sur les radios etc, etc<\/td>\n<\/tr>\n<tr>\n<td><a href=\"https:\/\/lacoste.link\/index.php\/le-declencheur-hanmar-ma1\/\"><img loading=\"lazy\" decoding=\"async\" class=\"alignnone size-medium wp-image-286\" src=\"http:\/\/lacoste.link\/wp-content\/uploads\/2023\/11\/IMG_7668p-300x248.jpg\" alt=\"\" width=\"300\" height=\"248\" srcset=\"https:\/\/lacoste.link\/wp-content\/uploads\/2023\/11\/IMG_7668p-300x248.jpg 300w, https:\/\/lacoste.link\/wp-content\/uploads\/2023\/11\/IMG_7668p-768x634.jpg 768w, https:\/\/lacoste.link\/wp-content\/uploads\/2023\/11\/IMG_7668p-582x480.jpg 582w, https:\/\/lacoste.link\/wp-content\/uploads\/2023\/11\/IMG_7668p-606x500.jpg 606w, https:\/\/lacoste.link\/wp-content\/uploads\/2023\/11\/IMG_7668p-640x528.jpg 640w, https:\/\/lacoste.link\/wp-content\/uploads\/2023\/11\/IMG_7668p.jpg 1000w\" sizes=\"(max-width: 300px) 100vw, 300px\" \/><\/a><\/td>\n<td>Une petite analyse du fonctionnement du d\u00e9clencheur <a href=\"https:\/\/lacoste.link\/index.php\/le-declencheur-hanmar-ma1\/\">Hammar MA1<\/a> pour gilets automatiques<\/td>\n<\/tr>\n<tr>\n<td><img loading=\"lazy\" decoding=\"async\" class=\"alignnone size-full wp-image-391\" src=\"http:\/\/lacoste.link\/wp-content\/uploads\/2026\/04\/IMG_7380-2-rotated.jpg\" alt=\"\" width=\"1512\" height=\"2016\" srcset=\"https:\/\/lacoste.link\/wp-content\/uploads\/2026\/04\/IMG_7380-2-rotated.jpg 1512w, https:\/\/lacoste.link\/wp-content\/uploads\/2026\/04\/IMG_7380-2-225x300.jpg 225w, https:\/\/lacoste.link\/wp-content\/uploads\/2026\/04\/IMG_7380-2-768x1024.jpg 768w, https:\/\/lacoste.link\/wp-content\/uploads\/2026\/04\/IMG_7380-2-360x480.jpg 360w, https:\/\/lacoste.link\/wp-content\/uploads\/2026\/04\/IMG_7380-2-375x500.jpg 375w, https:\/\/lacoste.link\/wp-content\/uploads\/2026\/04\/IMG_7380-2-640x853.jpg 640w, https:\/\/lacoste.link\/wp-content\/uploads\/2026\/04\/IMG_7380-2-1152x1536.jpg 1152w\" sizes=\"(max-width: 767px) 89vw, (max-width: 1000px) 54vw, (max-width: 1071px) 543px, 580px\" \/><\/td>\n<td>Les fichiers CAO (sch\u00e9ma, routage, etc) du petit adaptateur CyrixMon d\u00e9crit dans une de mes videos, permettant d&rsquo;allumer une LED lorsqu&rsquo;un coupleur Victron Cyrix-CT se commute&#8230;<\/td>\n<\/tr>\n<tr>\n<td><\/td>\n<td>Pour ceux que l&rsquo;\u00e9lectronique int\u00e9resse, une description d&rsquo;un petit indicateur lumineux solaire baptis\u00e9 <a href=\"https:\/\/lacoste.link\/index.php\/blinky\/\">Blinky<\/a><\/td>\n<\/tr>\n<\/tbody>\n<\/table>\n","protected":false},"excerpt":{"rendered":"<p>NEWS : Depuis Mars 2026, j&rsquo;ai lanc\u00e9 une petite cha\u00eene YouTube baptis\u00e9e Elec&rsquo;Sail, o\u00f9 je tente de pr\u00e9senter les diff\u00e9rents concepts de l&rsquo;\u00e9lectronique marine. On y parle de bus de communications (NMEA0183, NMEA2000, Seatalk, Signal K, etc), de radios (BHF, AIS, 5G, Wifi, antennes, etc), de gestion \u00e9nerg\u00e9tique (batteries, chargeurs, solaire, \u00e9olien, BMS, MPPT, etc) &hellip; <\/p>\n<p class=\"link-more\"><a href=\"https:\/\/lacoste.link\/index.php\/voile\/\" class=\"more-link\">Continuer la lecture<span class=\"screen-reader-text\"> de &laquo;&nbsp;Voile&nbsp;&raquo;<\/span><\/a><\/p>\n","protected":false},"author":1,"featured_media":0,"parent":0,"menu_order":0,"comment_status":"closed","ping_status":"closed","template":"","meta":{"footnotes":""},"class_list":["post-237","page","type-page","status-publish","hentry"],"_links":{"self":[{"href":"https:\/\/lacoste.link\/index.php\/wp-json\/wp\/v2\/pages\/237"}],"collection":[{"href":"https:\/\/lacoste.link\/index.php\/wp-json\/wp\/v2\/pages"}],"about":[{"href":"https:\/\/lacoste.link\/index.php\/wp-json\/wp\/v2\/types\/page"}],"author":[{"embeddable":true,"href":"https:\/\/lacoste.link\/index.php\/wp-json\/wp\/v2\/users\/1"}],"replies":[{"embeddable":true,"href":"https:\/\/lacoste.link\/index.php\/wp-json\/wp\/v2\/comments?post=237"}],"version-history":[{"count":15,"href":"https:\/\/lacoste.link\/index.php\/wp-json\/wp\/v2\/pages\/237\/revisions"}],"predecessor-version":[{"id":399,"href":"https:\/\/lacoste.link\/index.php\/wp-json\/wp\/v2\/pages\/237\/revisions\/399"}],"wp:attachment":[{"href":"https:\/\/lacoste.link\/index.php\/wp-json\/wp\/v2\/media?parent=237"}],"curies":[{"name":"wp","href":"https:\/\/api.w.org\/{rel}","templated":true}]}}