{"id":12,"date":"2019-01-21T22:44:09","date_gmt":"2019-01-21T21:44:09","guid":{"rendered":"http:\/\/lacoste.link\/?page_id=12"},"modified":"2023-11-05T18:48:12","modified_gmt":"2023-11-05T17:48:12","slug":"publications-elektor","status":"publish","type":"page","link":"https:\/\/lacoste.link\/index.php\/publications-elektor\/","title":{"rendered":"Publications dans Elektor"},"content":{"rendered":"\r\n<div class=\"wp-block-image\">\r\n<figure class=\"aligncenter\"><img loading=\"lazy\" decoding=\"async\" width=\"211\" height=\"70\" class=\"wp-image-52\" src=\"http:\/\/lacoste.link\/wp-content\/uploads\/2019\/02\/logo_elektor.gif\" alt=\"\" \/><\/figure>\r\n<\/div>\r\n\r\n\r\n\r\n<p>Liste des articles que j&rsquo;ai publi\u00e9s dans Elektor (\u00e9dition papier ou web) depuis 2020 :<\/p>\r\n<table class=\"wp-block-table is-style-stripes\">\r\n<tbody>\r\n<tr>\r\n<td>Date<\/td>\r\n<td>Titre<\/td>\r\n<\/tr>\r\n<tr>\r\n<td>10\/2023<\/td>\r\n<td><a href=\"https:\/\/www.elektormagazine.com\/news\/krakensdr-multichannel-phase-coherent-receiver-review\">KrakenSDR Multichannel Phase-Coherent Receiver (review)<\/a><\/td>\r\n<\/tr>\r\n<\/tbody>\r\n<\/table>\r\n<p>Liste des articles que j&rsquo;ai publi\u00e9s dans <strong><a href=\"http:\/\/www.elektor.fr\">Elektor<\/a><\/strong>, rubrique \u00ab\u00a0<strong>Hors Circuits\u00a0\u00bb<\/strong> de 2014 \u00e0 2020 (en fran\u00e7ais, repris et traduits dans les \u00e9ditions allemandes et hollandaises) :<\/p>\r\n\r\n\r\n\r\n<table class=\"wp-block-table is-style-stripes\">\r\n<tbody>\r\n<tr>\r\n<td>Date<\/td>\r\n<td>Titre<\/td>\r\n<\/tr>\r\n<tr>\r\n<td>03\/2020<\/td>\r\n<td>Les filtres \u00e0 capacit\u00e9s commut\u00e9es<\/td>\r\n<\/tr>\r\n<tr>\r\n<td>01\/2020<\/td>\r\n<td>Quelques bases sur les filtres analogiques<\/td>\r\n<\/tr>\r\n<tr>\r\n<td>11\/2019<\/td>\r\n<td>Amplificateurs diff\u00e9rentiels<\/td>\r\n<\/tr>\r\n<tr>\r\n<td>09\/2019<\/td>\r\n<td>Amplificateurs op\u00e9rationnels et charges capacitives<\/td>\r\n<\/tr>\r\n<tr>\r\n<td>07\/2019<\/td>\r\n<td>Comment choisir un amplificateur op\u00e9rationnel ?<\/td>\r\n<\/tr>\r\n<tr>\r\n<td>05\/2019<\/td>\r\n<td>Introduction aux codes correcteurs d&rsquo;erreurs<\/td>\r\n<\/tr>\r\n<tr>\r\n<td>03\/2019<\/td>\r\n<td>Parlez-vous I-Q ?<\/td>\r\n<\/tr>\r\n<tr>\r\n<td>01\/2019<\/td>\r\n<td>B.A.-BA des m\u00e9langeurs de fr\u00e9quences radio<\/td>\r\n<\/tr>\r\n<tr>\r\n<td>11\/2018<\/td>\r\n<td>Techniques de filtrage de canal<\/td>\r\n<\/tr>\r\n<tr>\r\n<td>09\/2018<\/td>\r\n<td>Modulations num\u00e9riques : Codage des donn\u00e9es<\/td>\r\n<\/tr>\r\n<tr>\r\n<td>07\/2018<\/td>\r\n<td>Modulations num\u00e9riques : le BA-B.A.<\/td>\r\n<\/tr>\r\n<tr>\r\n<td>05\/2018<\/td>\r\n<td>Protocoles sans fil : Un panorama + Q&amp;A Buetooth<\/td>\r\n<\/tr>\r\n<tr>\r\n<td>05\/2018<\/td>\r\n<td>El\u00e9vation de tension<\/td>\r\n<\/tr>\r\n<tr>\r\n<td>03\/2018<\/td>\r\n<td>Le B.A-BA des convertisseurs DC\/DC<\/td>\r\n<\/tr>\r\n<tr>\r\n<td>01\/2018<\/td>\r\n<td>Comment consommer moins avec du calcul et de la m\u00e9thode?<\/td>\r\n<\/tr>\r\n<tr>\r\n<td>11\/2017<\/td>\r\n<td>X7R, Y5V, NP0, quesaco ?<\/td>\r\n<\/tr>\r\n<tr>\r\n<td>09\/2017<\/td>\r\n<td>Composants parasites<\/td>\r\n<\/tr>\r\n<tr>\r\n<td>07\/2017<\/td>\r\n<td>Des condensateurs qui se rechargent tout seuls!\u00a0<\/td>\r\n<\/tr>\r\n<tr>\r\n<td>05\/2017<\/td>\r\n<td>Jouons avec la corr\u00e9lation num\u00e9rique<\/td>\r\n<\/tr>\r\n<tr>\r\n<td>03\/2017<\/td>\r\n<td>LoRaWAN architecture, protocole, s\u00e9curit\u00e9 et op\u00e9rateurs<\/td>\r\n<\/tr>\r\n<tr>\r\n<td>01\/2017<\/td>\r\n<td>LORA \u00e9change d\u00e9bit contre port\u00e9e<\/td>\r\n<\/tr>\r\n<tr>\r\n<td>12\/2016<\/td>\r\n<td>Bruit et sensibilit\u00e9 des r\u00e9cepteurs<\/td>\r\n<\/tr>\r\n<tr>\r\n<td>10\/2016<\/td>\r\n<td>L\u2019ABC des CA\/N : sigma-delta, qu\u00e9saco ?<\/td>\r\n<\/tr>\r\n<tr>\r\n<td>07\/2016<\/td>\r\n<td>L\u2019ABC des CA\/N : DNL, INL, SNR, SINAD, ENOB, SFDR et consorts<\/td>\r\n<\/tr>\r\n<tr>\r\n<td>05\/2016<\/td>\r\n<td>Le filtrage num\u00e9rique sans stress: les filtres IIR\u00a0<\/td>\r\n<\/tr>\r\n<tr>\r\n<td>03\/2016<\/td>\r\n<td>Le filtrage num\u00e9rique sans stress: les filtres CIC<\/td>\r\n<\/tr>\r\n<tr>\r\n<td>01\/2016<\/td>\r\n<td>Le filtrage num\u00e9rique sans stress: les filtres FIR<\/td>\r\n<\/tr>\r\n<tr>\r\n<td>11\/2015<\/td>\r\n<td>Ampli de classe A, B, C, D, E, F, G, H : quesako?<\/td>\r\n<\/tr>\r\n<tr>\r\n<td>09\/2015<\/td>\r\n<td>Comprendre l\u2019amplificateur \u00e0 transistor<\/td>\r\n<\/tr>\r\n<tr>\r\n<td>07\/2015<\/td>\r\n<td>Synth\u00e8se num\u00e9rique directe<\/td>\r\n<\/tr>\r\n<tr>\r\n<td>05\/2015<\/td>\r\n<td>Magie de la PLL<\/td>\r\n<\/tr>\r\n<tr>\r\n<td>03\/2015<\/td>\r\n<td>Le quartz<\/td>\r\n<\/tr>\r\n<tr>\r\n<td>02\/2015<\/td>\r\n<td>Le marquage CE pour les b\u00e9otiens<\/td>\r\n<\/tr>\r\n<tr>\r\n<td>11\/2014<\/td>\r\n<td>Circuits imprim\u00e9s, comment \u00e9viter les bourdes en HF<\/td>\r\n<\/tr>\r\n<tr>\r\n<td>09\/2014<\/td>\r\n<td>Jouons avec la r\u00e9flectrom\u00e9trie temporelle<\/td>\r\n<\/tr>\r\n<tr>\r\n<td>07\/2014<\/td>\r\n<td>Petite introduction aux microrubans<\/td>\r\n<\/tr>\r\n<tr>\r\n<td>06\/2014<\/td>\r\n<td>Adaptation d\u2019imp\u00e9dance, qu\u2019est ce que c\u2019est ?<\/td>\r\n<\/tr>\r\n<\/tbody>\r\n<\/table>\r\n\r\n\r\n\r\n<p>&nbsp;<\/p>\r\n","protected":false},"excerpt":{"rendered":"<p>Liste des articles que j&rsquo;ai publi\u00e9s dans Elektor (\u00e9dition papier ou web) depuis 2020 : Date Titre 10\/2023 KrakenSDR Multichannel Phase-Coherent Receiver (review) Liste des articles que j&rsquo;ai publi\u00e9s dans Elektor, rubrique \u00ab\u00a0Hors Circuits\u00a0\u00bb de 2014 \u00e0 2020 (en fran\u00e7ais, repris et traduits dans les \u00e9ditions allemandes et hollandaises) : Date Titre 03\/2020 Les filtres &hellip; <\/p>\n<p class=\"link-more\"><a href=\"https:\/\/lacoste.link\/index.php\/publications-elektor\/\" class=\"more-link\">Continuer la lecture<span class=\"screen-reader-text\"> de &laquo;&nbsp;Publications dans Elektor&nbsp;&raquo;<\/span><\/a><\/p>\n","protected":false},"author":1,"featured_media":0,"parent":0,"menu_order":0,"comment_status":"closed","ping_status":"closed","template":"","meta":{"footnotes":""},"class_list":["post-12","page","type-page","status-publish","hentry"],"_links":{"self":[{"href":"https:\/\/lacoste.link\/index.php\/wp-json\/wp\/v2\/pages\/12"}],"collection":[{"href":"https:\/\/lacoste.link\/index.php\/wp-json\/wp\/v2\/pages"}],"about":[{"href":"https:\/\/lacoste.link\/index.php\/wp-json\/wp\/v2\/types\/page"}],"author":[{"embeddable":true,"href":"https:\/\/lacoste.link\/index.php\/wp-json\/wp\/v2\/users\/1"}],"replies":[{"embeddable":true,"href":"https:\/\/lacoste.link\/index.php\/wp-json\/wp\/v2\/comments?post=12"}],"version-history":[{"count":16,"href":"https:\/\/lacoste.link\/index.php\/wp-json\/wp\/v2\/pages\/12\/revisions"}],"predecessor-version":[{"id":232,"href":"https:\/\/lacoste.link\/index.php\/wp-json\/wp\/v2\/pages\/12\/revisions\/232"}],"wp:attachment":[{"href":"https:\/\/lacoste.link\/index.php\/wp-json\/wp\/v2\/media?parent=12"}],"curies":[{"name":"wp","href":"https:\/\/api.w.org\/{rel}","templated":true}]}}