{"id":113,"date":"2019-03-10T19:23:45","date_gmt":"2019-03-10T18:23:45","guid":{"rendered":"http:\/\/lacoste.link\/?page_id=113"},"modified":"2019-03-10T19:42:48","modified_gmt":"2019-03-10T18:42:48","slug":"terrasse-en-bois","status":"publish","type":"page","link":"https:\/\/lacoste.link\/index.php\/terrasse-en-bois\/","title":{"rendered":"Terrasse en bois"},"content":{"rendered":"\n<p>\nDes fois il faut oser se lancer&#8230; Nous avions pour projet de cr\u00e9er une \nterrasse en bois pour relier deux terrasses en b\u00e9ton existantes et \npouvoir ainsi faire le tour de la maison de plein pied. Voici comme les \nchoses se pr\u00e9sentaient avant travaux :&nbsp;<br><\/p>\n\n\n\n<figure class=\"wp-block-image\"><img decoding=\"async\" src=\"http:\/\/lacoste.link\/wp-content\/uploads\/2019\/03\/PICT2329.jpg?height=211&amp;width=320\" alt=\"\"\/><\/figure>\n\n\n\n<p>Et voici ce qu&rsquo;on voulait faire (simulation faite simplement sous Photoshop apr\u00e8s quelques soir\u00e9es de reflexion) :&nbsp;<br><\/p>\n\n\n\n<figure class=\"wp-block-image\"><img decoding=\"async\" src=\"http:\/\/lacoste.link\/wp-content\/uploads\/2019\/03\/simu11.jpg?height=211&amp;width=320\" alt=\"\"\/><\/figure>\n\n\n\n<p>Nous\n avons sollicit\u00e9 plusieurs sp\u00e9cialistes, mais, euh, disons que nous \navons \u00e9t\u00e9 assez refroidis entre ceux qui n&rsquo;ont pas daign\u00e9 nous r\u00e9pondre,\n ceux qui nous ont propos\u00e9 quelque chose tr\u00e8s \u00e9loign\u00e9 de ce qu&rsquo;on \nvoulait, et ceux qui nous prenaient pour Cresus&#8230; L&rsquo;id\u00e9e de nous \nd\u00e9brouiller tout seuls \u00e0 germ\u00e9&#8230; Premi\u00e8re \u00e9tape d\u00e9cisive : nous avons \ntrouv\u00e9 l&rsquo;excellent guide d&rsquo;auto-construction de terrasses disponible \nsur&nbsp;<a href=\"http:\/\/www.terrasse-bois.info\/\">http:\/\/www.terrasse-bois.info\/<\/a>.\n Ce n&rsquo;est pas gratuit mais nous n&rsquo;avons jamais regrett\u00e9 ces quelques \ndizaines d&rsquo;euros ! Ensuite apr\u00e8s avoir pas mal cherch\u00e9 nous avons \n\u00e9galement d\u00e9nich\u00e9 un tr\u00e8s bon fournisseur de bois, que nous ne pouvons \ndonc que vous recommander :&nbsp;<a href=\"http:\/\/www.deck-linea.com\/\">http:\/\/www.deck-linea.com\/<\/a>.\n Gros avantages : un grand choix d&rsquo;accessoires simplifiant bien la \nvie&#8230; La livraison \u00e9tait un peu impressionnante vue la taille du \nsemi-remorque mais tout s&rsquo;est bien pass\u00e9. Ah, un petit conseil au \npassage : ne pas l\u00e9siner sur la quantit\u00e9. Nous avions calcul\u00e9 tout \npr\u00e9cisement, avons ajout\u00e9 20%, et au final c&rsquo;\u00e9tait tout juste ! Cot\u00e9 \nessences de bois nous avons opt\u00e9 pour de l&rsquo;Ip\u00e9 pour la terrasse \nelle-m\u00eame, toute l&rsquo;armature \u00e9tant en pin trait\u00e9 classe IV.&nbsp;<br>Premi\u00e8re\n grande \u00e9tape (enfin, apr\u00e8s les plans et le d\u00e9pot de la d\u00e9claration de \ntravaux&#8230;) : la pose des plots qui soutiendront le tout : un trou de \n30x30x50cm, 5cm de gravier au fond, un peu de grillage en guise \nd&rsquo;armature, un support galvanis\u00e9 adapt\u00e9 aux poteaux de 9x9cm et du \nb\u00e9ton.&nbsp;<br><\/p>\n\n\n\n<figure class=\"wp-block-image\"><img decoding=\"async\" src=\"http:\/\/lacoste.link\/wp-content\/uploads\/2019\/03\/PICT2393.jpg?height=212&amp;width=320\" alt=\"\"\/><\/figure>\n\n\n\n<p>Une\n autre partie de la terrasse prend appui sur l&rsquo;escalier existant, via \ndes plots en I. La r\u00e8gle d&rsquo;or est de ne jamais avoir de bois en contact \navec le sol, au risque d&rsquo;un pourrissement rapide&#8230;&nbsp;<br><\/p>\n\n\n\n<figure class=\"wp-block-image\"><img decoding=\"async\" src=\"http:\/\/lacoste.link\/wp-content\/uploads\/2019\/03\/PICT2391.jpg?height=212&amp;width=320\" alt=\"\"\/><\/figure>\n\n\n\n<p>Une\n fois ces pr\u00e9paratifs termin\u00e9s il a fallu attaquer la phase la plus \nlongue et la plus critique pour le r\u00e9sultat final : la pose de la \n\u00ab\u00a0charpente\u00a0\u00bb sur laquelle se fixent les lames. Je ne sais pas si c&rsquo;est \ntr\u00e8s orthodoxe mais notre m\u00e9thode a \u00e9t\u00e9 la suivante :&nbsp;<br><\/p>\n\n\n\n<ul class=\"wp-block-list\"><li>Pose\n de piliers verticaux, jouant \u00e0 la fois le r\u00f4le de soutien de la \nterrasse et se prolongeant pour constituer les poteaux des futures \nrambardes ainsi que les poteaux d&rsquo;une partie pergola (qui recevra un \njour prochain un store)<\/li><li>Fixation, sur ces piliers verticaux et \navec des boulons de 10mm, de paires de solives horizontales assez \nmassives (20x5cm) sur tout le p\u00e9rim\u00e8tre de la terrasse, une solive de \nchaque cot\u00e9 des poteaux pour conserver une sym\u00e9trie dans les efforts<\/li><li>Sur\n la partie \u00ab\u00a0escalier\u00a0\u00bb existante, suppression de la marche la plus haute \n(l\u00e0 on a fait appel \u00e0 un professionnel et son marteau-piqueur&#8230;) et \npose de verins plastique tous les 40cm<\/li><li>Sur la partie de gauche, \najout d&rsquo;une solive interm\u00e9diaire pour \u00e9viter un trop grand porte-\u00e0-faux \npour les livardes (au plus de l&rsquo;ordre de 1,20m)<\/li><li>Pose des \nlivardes \u00e0 90\u00b0 des solives, tous les 40cm \u00e0 peu pr\u00e8s. Nous avons utilis\u00e9\n pour ces livardes des profils carr\u00e9s de 7x7cm, plus faciles \u00e0 utiliser \nque des profils rectangulaires mais probablement sur-dimensionn\u00e9s<\/li><li>En parall\u00e8le pose des limons pour l&rsquo;escalier (achet\u00e9s chez Decklinea et recoup\u00e9s)<\/li><\/ul>\n\n\n\n<p>Allez, les \u00e9tapes en images : <br><\/p>\n\n\n\n<figure class=\"wp-block-image\"><img decoding=\"async\" src=\"http:\/\/lacoste.link\/wp-content\/uploads\/2019\/03\/PICT2400s.jpg?height=212&amp;width=320\" alt=\"\"\/><\/figure>\n\n\n\n<p><\/p>\n\n\n\n<figure class=\"wp-block-image\"><img decoding=\"async\" src=\"http:\/\/lacoste.link\/wp-content\/uploads\/2019\/03\/PICT2407_s.jpg?height=320&amp;width=212\" alt=\"\"\/><\/figure>\n\n\n\n<figure class=\"wp-block-image\"><img decoding=\"async\" src=\"http:\/\/lacoste.link\/wp-content\/uploads\/2019\/03\/PICT2428s.jpg?height=212&amp;width=320\" alt=\"\"\/><\/figure>\n\n\n\n<figure class=\"wp-block-image\"><img decoding=\"async\" src=\"http:\/\/lacoste.link\/wp-content\/uploads\/2019\/03\/PICT2433s.jpg?height=212&amp;width=320\" alt=\"\"\/><\/figure>\n\n\n\n<figure class=\"wp-block-image\"><img decoding=\"async\" src=\"http:\/\/lacoste.link\/wp-content\/uploads\/2019\/03\/PICT2444s.jpg?height=212&amp;width=320\" alt=\"\"\/><\/figure>\n\n\n\n<figure class=\"wp-block-image\"><img decoding=\"async\" src=\"http:\/\/lacoste.link\/wp-content\/uploads\/2019\/03\/PICT2447s.jpg?height=320&amp;width=212\" alt=\"\"\/><\/figure>\n\n\n\n<figure class=\"wp-block-image\"><img decoding=\"async\" src=\"http:\/\/lacoste.link\/wp-content\/uploads\/2019\/03\/PICT2450s.jpg?height=265&amp;width=400\" alt=\"\"\/><\/figure>\n\n\n\n<p>Une\n fois cette charpente en place le reste est une vraie partie de plaisir :\n la pose des lattes. Les mod\u00e8les utilis\u00e9s sont dot\u00e9s de fentes sur les \ncot\u00e9s permettant de les fixer via des pattes m\u00e9talliques en U \ninvisibles, un bon syst\u00e8me. Les lattes ont \u00e9t\u00e9 pos\u00e9es simplement les \nunes apr\u00e8s les autres, du mur vers les cot\u00e9s, puis sur les parties \nverticales, avec quelques spots en prime. PS : Sur les bords le plus \nsimple est de laisser d\u00e9passer puis de tout couper d&rsquo;un seul trait de \nscie circulaire, ce qui permet d&rsquo;\u00eatre certain de l&rsquo;effet esth\u00e9tique \nfinal&#8230;&nbsp;<br>Bien s\u00fbr les finitions sont quelque fois longues, mais le plaisir est l\u00e0 :<br><\/p>\n\n\n\n<figure class=\"wp-block-image\"><img decoding=\"async\" src=\"http:\/\/lacoste.link\/wp-content\/uploads\/2019\/03\/\/PICT2462s.jpg?height=212&amp;width=320\" alt=\"\"\/><\/figure>\n\n\n\n<p>Et voil\u00e0 ce que \u00e7a donne :<br><\/p>\n\n\n\n<figure class=\"wp-block-image\"><img decoding=\"async\" src=\"http:\/\/lacoste.link\/wp-content\/uploads\/2019\/03\/20072010203s.jpg?height=300&amp;width=400\" alt=\"\"\/><\/figure>\n\n\n\n<figure class=\"wp-block-image\"><img decoding=\"async\" src=\"http:\/\/lacoste.link\/wp-content\/uploads\/2019\/03\/20072010205s.jpg?height=300&amp;width=400\" alt=\"\"\/><\/figure>\n\n\n\n<p>Quelques conclusions et recommandations sans pr\u00e9tention ?&nbsp;<\/p>\n\n\n\n<ul class=\"wp-block-list\"><li>N&rsquo;h\u00e9sitez\n pas, jetez vous \u00e0 l&rsquo;eau ! Sans r\u00e9elle exp\u00e9rience en menuiserie si ce \nn&rsquo;est quelques petits meubles par ci par l\u00e0 le projet a \u00e9t\u00e9 plut\u00f4t une \npartie de plaisir, et la satisfaction au bout du compte est grande&#8230;<\/li><li>Cot\u00e9\n planning cette r\u00e9alisation a pris grosso-modo 3 mois, en n&rsquo;y \ntravaillant que les week-ends et quelques soir\u00e9es, pour la plus grande \npartie tout seul bien qu&rsquo;un gentil voisin m&rsquo;ait fil\u00e9 un bon coup de main\n les journ\u00e9es de travail les plus intenses et surtout quelques bons \nconseils et encouragements (merci Daniel !)<\/li><li>Ne pas l\u00e9siner sur \nl&rsquo;outillage&#8230; En particulier je n&rsquo;ai jamais regrett\u00e9 l&rsquo;achat d&rsquo;un \nniveau \u00e0 bulle laser, d&rsquo;une scie \u00e9goine \u00e9lectrique et surtout d&rsquo;une \nBONNE scie \u00e0 onglets \u00e9lectrique. D&rsquo;autant plus que l&rsquo;Ip\u00e9 c&rsquo;est dur&#8230;&nbsp;<\/li><li>Cot\u00e9\n budget on est arriv\u00e9 \u00e0 approximativement 4 \u00e0 5000Eur tout compris, dont\n 600Eur d&rsquo;outils r\u00e9cup\u00e9rables, ce qui reste raisonnable pour une \nterrasse de 18m2 en bois exotique. L&rsquo;addition aurait probablement \u00e9t\u00e9 de\n 3000Eur avec du bois type pin trait\u00e9. A noter qu&rsquo;au final le co\u00fbt des \n\u00ab\u00a0bricoles\u00a0\u00bb (ferrures, visserie inox, etc) n&rsquo;est pas n\u00e9gligeable dans le \ntotal.<\/li><\/ul>\n\n\n\n<p>Voil\u00e0, \u00e0 vous de jouer !\n\n<\/p>\n","protected":false},"excerpt":{"rendered":"<p>Des fois il faut oser se lancer&#8230; Nous avions pour projet de cr\u00e9er une terrasse en bois pour relier deux terrasses en b\u00e9ton existantes et pouvoir ainsi faire le tour de la maison de plein pied. Voici comme les choses se pr\u00e9sentaient avant travaux :&nbsp; Et voici ce qu&rsquo;on voulait faire (simulation faite simplement sous &hellip; <\/p>\n<p class=\"link-more\"><a href=\"https:\/\/lacoste.link\/index.php\/terrasse-en-bois\/\" class=\"more-link\">Continuer la lecture<span class=\"screen-reader-text\"> de &laquo;&nbsp;Terrasse en bois&nbsp;&raquo;<\/span><\/a><\/p>\n","protected":false},"author":1,"featured_media":0,"parent":0,"menu_order":0,"comment_status":"closed","ping_status":"closed","template":"","meta":{"footnotes":""},"class_list":["post-113","page","type-page","status-publish","hentry"],"_links":{"self":[{"href":"https:\/\/lacoste.link\/index.php\/wp-json\/wp\/v2\/pages\/113"}],"collection":[{"href":"https:\/\/lacoste.link\/index.php\/wp-json\/wp\/v2\/pages"}],"about":[{"href":"https:\/\/lacoste.link\/index.php\/wp-json\/wp\/v2\/types\/page"}],"author":[{"embeddable":true,"href":"https:\/\/lacoste.link\/index.php\/wp-json\/wp\/v2\/users\/1"}],"replies":[{"embeddable":true,"href":"https:\/\/lacoste.link\/index.php\/wp-json\/wp\/v2\/comments?post=113"}],"version-history":[{"count":8,"href":"https:\/\/lacoste.link\/index.php\/wp-json\/wp\/v2\/pages\/113\/revisions"}],"predecessor-version":[{"id":141,"href":"https:\/\/lacoste.link\/index.php\/wp-json\/wp\/v2\/pages\/113\/revisions\/141"}],"wp:attachment":[{"href":"https:\/\/lacoste.link\/index.php\/wp-json\/wp\/v2\/media?parent=113"}],"curies":[{"name":"wp","href":"https:\/\/api.w.org\/{rel}","templated":true}]}}