{"id":110,"date":"2019-03-10T19:21:35","date_gmt":"2019-03-10T18:21:35","guid":{"rendered":"http:\/\/lacoste.link\/?page_id=110"},"modified":"2020-12-26T17:51:11","modified_gmt":"2020-12-26T16:51:11","slug":"bricolages","status":"publish","type":"page","link":"https:\/\/lacoste.link\/index.php\/bricolages\/","title":{"rendered":"Bricolages"},"content":{"rendered":"\n<p>\nJ&rsquo;ai eu la chance d&rsquo;avoir un papa bon bricoleur, donc forc\u00e9ment je n&rsquo;ai \npas trop peur de prendre un marteau et un tournevis, surtout quand ma \ncharmante \u00e9pouse me relance plusieurs fois&#8230; et\/ou quand les devis des \nprofessionnels sont d\u00e9lirants :<br><\/p>\n\n\n\n<ul class=\"wp-block-list\"><li><a href=\"http:\/\/lacoste.link\/index.php\/terrasse-en-bois\/\"><\/a>Je me suis lanc\u00e9 en 2010, et non sans inqui\u00e9tudes, dans la r\u00e9alisation d&rsquo;une assez ambitieuse <a href=\"http:\/\/lacoste.link\/index.php\/terrasse-en-bois\/\">terrasse en bois<\/a>.  Le r\u00e9sultat \u00e9tant assez sympa je me permet de le partager avec vous, en  esp\u00e9rant que cela vous poussera \u00e0 vous lancer \u00e0 votre tour !<\/li><\/ul>\n\n\n\n<div class=\"wp-block-image\"><figure class=\"aligncenter\"><a href=\"http:\/\/lacoste.link\/index.php\/terrasse-en-bois\/\"><img loading=\"lazy\" decoding=\"async\" width=\"200\" height=\"150\" src=\"http:\/\/lacoste.link\/wp-content\/uploads\/2019\/03\/20072010203.jpg\" alt=\"\" class=\"wp-image-115\"\/><\/a><\/figure><\/div>\n\n\n\n<ul class=\"wp-block-list\"><li>En 2020, toujours du bois mais avec un petit <a href=\"http:\/\/lacoste.link\/index.php\/cabanon-de-jardin\/\">cabanon de jardin habitable<\/a> de 5m2. Les \u00e9tapes sont d\u00e9crites, si vous avez un projet similaire en t\u00eate lancez vous !<\/li><\/ul>\n\n\n\n<div class=\"wp-block-image\"><figure class=\"aligncenter is-resized\"><a href=\"http:\/\/lacoste.link\/index.php\/cabanon-de-jardin\/\"><img loading=\"lazy\" decoding=\"async\" src=\"http:\/\/lacoste.link\/wp-content\/uploads\/2020\/12\/IMG_0146-768x1024.png\" alt=\"\" class=\"wp-image-211\" width=\"218\" height=\"290\" srcset=\"https:\/\/lacoste.link\/wp-content\/uploads\/2020\/12\/IMG_0146-768x1024.png 768w, https:\/\/lacoste.link\/wp-content\/uploads\/2020\/12\/IMG_0146-225x300.png 225w, https:\/\/lacoste.link\/wp-content\/uploads\/2020\/12\/IMG_0146-360x480.png 360w, https:\/\/lacoste.link\/wp-content\/uploads\/2020\/12\/IMG_0146-375x500.png 375w, https:\/\/lacoste.link\/wp-content\/uploads\/2020\/12\/IMG_0146-640x853.png 640w, https:\/\/lacoste.link\/wp-content\/uploads\/2020\/12\/IMG_0146.png 960w\" sizes=\"(max-width: 218px) 100vw, 218px\" \/><\/a><\/figure><\/div>\n","protected":false},"excerpt":{"rendered":"<p>J&rsquo;ai eu la chance d&rsquo;avoir un papa bon bricoleur, donc forc\u00e9ment je n&rsquo;ai pas trop peur de prendre un marteau et un tournevis, surtout quand ma charmante \u00e9pouse me relance plusieurs fois&#8230; et\/ou quand les devis des professionnels sont d\u00e9lirants : Je me suis lanc\u00e9 en 2010, et non sans inqui\u00e9tudes, dans la r\u00e9alisation d&rsquo;une &hellip; <\/p>\n<p class=\"link-more\"><a href=\"https:\/\/lacoste.link\/index.php\/bricolages\/\" class=\"more-link\">Continuer la lecture<span class=\"screen-reader-text\"> de &laquo;&nbsp;Bricolages&nbsp;&raquo;<\/span><\/a><\/p>\n","protected":false},"author":1,"featured_media":0,"parent":0,"menu_order":0,"comment_status":"closed","ping_status":"closed","template":"","meta":{"footnotes":""},"class_list":["post-110","page","type-page","status-publish","hentry"],"_links":{"self":[{"href":"https:\/\/lacoste.link\/index.php\/wp-json\/wp\/v2\/pages\/110"}],"collection":[{"href":"https:\/\/lacoste.link\/index.php\/wp-json\/wp\/v2\/pages"}],"about":[{"href":"https:\/\/lacoste.link\/index.php\/wp-json\/wp\/v2\/types\/page"}],"author":[{"embeddable":true,"href":"https:\/\/lacoste.link\/index.php\/wp-json\/wp\/v2\/users\/1"}],"replies":[{"embeddable":true,"href":"https:\/\/lacoste.link\/index.php\/wp-json\/wp\/v2\/comments?post=110"}],"version-history":[{"count":7,"href":"https:\/\/lacoste.link\/index.php\/wp-json\/wp\/v2\/pages\/110\/revisions"}],"predecessor-version":[{"id":215,"href":"https:\/\/lacoste.link\/index.php\/wp-json\/wp\/v2\/pages\/110\/revisions\/215"}],"wp:attachment":[{"href":"https:\/\/lacoste.link\/index.php\/wp-json\/wp\/v2\/media?parent=110"}],"curies":[{"name":"wp","href":"https:\/\/api.w.org\/{rel}","templated":true}]}}